{"id":12617,"date":"2026-05-02T22:12:02","date_gmt":"2026-05-03T04:12:02","guid":{"rendered":"https:\/\/dermakaasstore.com\/?post_type=product&#038;p=12617"},"modified":"2026-05-02T22:12:02","modified_gmt":"2026-05-03T04:12:02","slug":"la-roche-posay-anthelios-uvmune400-fluido-oil-control-fps50-50-ml","status":"publish","type":"product","link":"https:\/\/dermakaasstore.com\/index.php\/product\/la-roche-posay-anthelios-uvmune400-fluido-oil-control-fps50-50-ml\/","title":{"rendered":"La Roche-Posay Anthelios UVMUNE400 Fluido Oil Control FPS50, 50 ml."},"content":{"rendered":"","protected":false},"excerpt":{"rendered":"<p>Protector solar de \u00faltima generaci\u00f3n, dise\u00f1ado para proteger la piel contra los da\u00f1os del sol mientras controla el exceso de grasa y el brillo. Gracias a su tecnolog\u00eda exclusiva de protecci\u00f3n contra los rayos UVB y UVA ultralargos, ayuda a prevenir el fotoenvejecimiento, las manchas solares y el da\u00f1o oxidativo. Su textura ligera y matificante es ideal para pieles mixtas a grasas, proporcionando un acabado seco, sin sensaci\u00f3n pegajosa.<\/p>\n<ul>\n<li>Controla el brillo hasta por 12 horas.<\/li>\n<li>Textura fluida, no grasa y de r\u00e1pida absorci\u00f3n.<\/li>\n<\/ul>\n","protected":false},"featured_media":12618,"comment_status":"open","ping_status":"closed","template":"","meta":[],"product_brand":[],"product_cat":[15,356,317,338,364,345,346],"product_tag":[],"class_list":{"0":"post-12617","1":"product","2":"type-product","3":"status-publish","4":"has-post-thumbnail","6":"product_cat-uncategorized","7":"product_cat-la-roche","8":"product_cat-marcas-dermatologicas","9":"product_cat-necesidades-de-la-piel","10":"product_cat-ofertas","11":"product_cat-piel-grasa","12":"product_cat-proteccion-solar","14":"first","15":"instock","16":"sale","17":"shipping-taxable","18":"purchasable","19":"product-type-simple","20":"add-to-wishlist-after_add_to_cart"},"group_of_quantity":0,"min_quantity":0,"max_quantity":"","exclude_order_quantity_value_rules":"no","exclude_category_quantity_rules":"no","combine_variations":"no","_links":{"self":[{"href":"https:\/\/dermakaasstore.com\/index.php\/wp-json\/wp\/v2\/product\/12617","targetHints":{"allow":["GET"]}}],"collection":[{"href":"https:\/\/dermakaasstore.com\/index.php\/wp-json\/wp\/v2\/product"}],"about":[{"href":"https:\/\/dermakaasstore.com\/index.php\/wp-json\/wp\/v2\/types\/product"}],"replies":[{"embeddable":true,"href":"https:\/\/dermakaasstore.com\/index.php\/wp-json\/wp\/v2\/comments?post=12617"}],"wp:featuredmedia":[{"embeddable":true,"href":"https:\/\/dermakaasstore.com\/index.php\/wp-json\/wp\/v2\/media\/12618"}],"wp:attachment":[{"href":"https:\/\/dermakaasstore.com\/index.php\/wp-json\/wp\/v2\/media?parent=12617"}],"wp:term":[{"taxonomy":"product_brand","embeddable":true,"href":"https:\/\/dermakaasstore.com\/index.php\/wp-json\/wp\/v2\/product_brand?post=12617"},{"taxonomy":"product_cat","embeddable":true,"href":"https:\/\/dermakaasstore.com\/index.php\/wp-json\/wp\/v2\/product_cat?post=12617"},{"taxonomy":"product_tag","embeddable":true,"href":"https:\/\/dermakaasstore.com\/index.php\/wp-json\/wp\/v2\/product_tag?post=12617"}],"curies":[{"name":"wp","href":"https:\/\/api.w.org\/{rel}","templated":true}]}}