{"id":12596,"date":"2026-05-02T20:41:45","date_gmt":"2026-05-03T02:41:45","guid":{"rendered":"https:\/\/dermakaasstore.com\/?post_type=product&#038;p=12596"},"modified":"2026-05-02T20:41:45","modified_gmt":"2026-05-03T02:41:45","slug":"la-roche-posay-cicaplast-gel-b5-40-ml","status":"publish","type":"product","link":"https:\/\/dermakaasstore.com\/index.php\/product\/la-roche-posay-cicaplast-gel-b5-40-ml\/","title":{"rendered":"La Roche-Posay Cicaplast Gel B5, 40 ml."},"content":{"rendered":"","protected":false},"excerpt":{"rendered":"<div class=\"product-custom-description\">\n<p>Gel acelerador de la reparaci\u00f3n epid\u00e9rmica, ayuda a cicatrizar intervenciones post quir\u00fargicas, dermatol\u00f3gicas y est\u00e9ticas. Auxiliar en la renovaci\u00f3n epid\u00e9rmica, efecto protector y calmante.<\/p>\n<ul>\n<li>Cicatrizante que acelera la reconstrucci\u00f3n epid\u00e9rmica, invisible y no pegajoso, de f\u00e1cil aplicaci\u00f3n.<\/li>\n<li>Piel post intervenciones quir\u00fargicas, dermatol\u00f3gicas o est\u00e9ticas.<\/li>\n<li>Apto para pieles sensibles.<\/li>\n<\/ul>\n<\/div>\n<div class=\"pdp-availability-messages\">\n<div class=\"description-and-detail description-desktop\">\n<div class=\"tab-content\">\n<div id=\"description\" class=\"tab-pane fade show active\" role=\"tabpanel\" aria-labelledby=\"description-tab\">\n<div><\/div>\n<\/div>\n<\/div>\n<\/div>\n<\/div>\n","protected":false},"featured_media":12597,"comment_status":"open","ping_status":"closed","template":"","meta":[],"product_brand":[],"product_cat":[15,356,317,364],"product_tag":[],"class_list":{"0":"post-12596","1":"product","2":"type-product","3":"status-publish","4":"has-post-thumbnail","6":"product_cat-uncategorized","7":"product_cat-la-roche","8":"product_cat-marcas-dermatologicas","9":"product_cat-ofertas","11":"first","12":"instock","13":"sale","14":"shipping-taxable","15":"purchasable","16":"product-type-simple","17":"add-to-wishlist-after_add_to_cart"},"group_of_quantity":0,"min_quantity":0,"max_quantity":"","exclude_order_quantity_value_rules":"no","exclude_category_quantity_rules":"no","combine_variations":"no","_links":{"self":[{"href":"https:\/\/dermakaasstore.com\/index.php\/wp-json\/wp\/v2\/product\/12596","targetHints":{"allow":["GET"]}}],"collection":[{"href":"https:\/\/dermakaasstore.com\/index.php\/wp-json\/wp\/v2\/product"}],"about":[{"href":"https:\/\/dermakaasstore.com\/index.php\/wp-json\/wp\/v2\/types\/product"}],"replies":[{"embeddable":true,"href":"https:\/\/dermakaasstore.com\/index.php\/wp-json\/wp\/v2\/comments?post=12596"}],"wp:featuredmedia":[{"embeddable":true,"href":"https:\/\/dermakaasstore.com\/index.php\/wp-json\/wp\/v2\/media\/12597"}],"wp:attachment":[{"href":"https:\/\/dermakaasstore.com\/index.php\/wp-json\/wp\/v2\/media?parent=12596"}],"wp:term":[{"taxonomy":"product_brand","embeddable":true,"href":"https:\/\/dermakaasstore.com\/index.php\/wp-json\/wp\/v2\/product_brand?post=12596"},{"taxonomy":"product_cat","embeddable":true,"href":"https:\/\/dermakaasstore.com\/index.php\/wp-json\/wp\/v2\/product_cat?post=12596"},{"taxonomy":"product_tag","embeddable":true,"href":"https:\/\/dermakaasstore.com\/index.php\/wp-json\/wp\/v2\/product_tag?post=12596"}],"curies":[{"name":"wp","href":"https:\/\/api.w.org\/{rel}","templated":true}]}}