{"id":12582,"date":"2026-05-02T19:08:07","date_gmt":"2026-05-03T01:08:07","guid":{"rendered":"https:\/\/dermakaasstore.com\/?post_type=product&#038;p=12582"},"modified":"2026-05-02T19:10:34","modified_gmt":"2026-05-03T01:10:34","slug":"la-roche-posay-lipikar-syndet-ap-gel-crema-de-limpieza-400ml","status":"publish","type":"product","link":"https:\/\/dermakaasstore.com\/index.php\/product\/la-roche-posay-lipikar-syndet-ap-gel-crema-de-limpieza-400ml\/","title":{"rendered":"La Roche-Posay Lipikar Syndet AP+ Gel Crema de Limpieza, 400ml."},"content":{"rendered":"","protected":false},"excerpt":{"rendered":"<div class=\"product__description product__block product__block--medium\">\n<div class=\"rte rte--product ff-body fs-body-100\">\n<p><span class=\"metafield-multi_line_text_field\">Gel de ducha humectante ultrasuave para pieles at\u00f3picas con tendencia al eczema sin perfume. <\/span>Para beb\u00e9s, ni\u00f1os y adultos con piel muy seca. Tambi\u00e9n adecuado para piel sensible, muy seca, irritada y con comez\u00f3n que provoque rascarse, piel con tendencia at\u00f3pica,\u00a0 el cuero cabelludo del beb\u00e9 y el tratamiento de la costra l\u00e1ctea.<\/p>\n<\/div>\n<\/div>\n<div class=\"panel\">\n<ul>\n<li>Calma de inmediato y ayuda a reducir la resequedad extrema desde la ducha.<\/li>\n<li>Apto tambi\u00e9n para beb\u00e9s reci\u00e9n nacidos.<\/li>\n<\/ul>\n<\/div>\n","protected":false},"featured_media":12583,"comment_status":"open","ping_status":"closed","template":"","meta":[],"product_brand":[],"product_cat":[15,344,356,317,338,364,369,343],"product_tag":[],"class_list":{"0":"post-12582","1":"product","2":"type-product","3":"status-publish","4":"has-post-thumbnail","6":"product_cat-uncategorized","7":"product_cat-hidratacion","8":"product_cat-la-roche","9":"product_cat-marcas-dermatologicas","10":"product_cat-necesidades-de-la-piel","11":"product_cat-ofertas","12":"product_cat-piel-seca-y-atopica","13":"product_cat-sensibilidad","15":"first","16":"instock","17":"sale","18":"shipping-taxable","19":"purchasable","20":"product-type-simple","21":"add-to-wishlist-after_add_to_cart"},"group_of_quantity":0,"min_quantity":0,"max_quantity":"","exclude_order_quantity_value_rules":"no","exclude_category_quantity_rules":"no","combine_variations":"no","_links":{"self":[{"href":"https:\/\/dermakaasstore.com\/index.php\/wp-json\/wp\/v2\/product\/12582","targetHints":{"allow":["GET"]}}],"collection":[{"href":"https:\/\/dermakaasstore.com\/index.php\/wp-json\/wp\/v2\/product"}],"about":[{"href":"https:\/\/dermakaasstore.com\/index.php\/wp-json\/wp\/v2\/types\/product"}],"replies":[{"embeddable":true,"href":"https:\/\/dermakaasstore.com\/index.php\/wp-json\/wp\/v2\/comments?post=12582"}],"wp:featuredmedia":[{"embeddable":true,"href":"https:\/\/dermakaasstore.com\/index.php\/wp-json\/wp\/v2\/media\/12583"}],"wp:attachment":[{"href":"https:\/\/dermakaasstore.com\/index.php\/wp-json\/wp\/v2\/media?parent=12582"}],"wp:term":[{"taxonomy":"product_brand","embeddable":true,"href":"https:\/\/dermakaasstore.com\/index.php\/wp-json\/wp\/v2\/product_brand?post=12582"},{"taxonomy":"product_cat","embeddable":true,"href":"https:\/\/dermakaasstore.com\/index.php\/wp-json\/wp\/v2\/product_cat?post=12582"},{"taxonomy":"product_tag","embeddable":true,"href":"https:\/\/dermakaasstore.com\/index.php\/wp-json\/wp\/v2\/product_tag?post=12582"}],"curies":[{"name":"wp","href":"https:\/\/api.w.org\/{rel}","templated":true}]}}