{"id":12567,"date":"2026-04-30T20:16:05","date_gmt":"2026-05-01T02:16:05","guid":{"rendered":"https:\/\/dermakaasstore.com\/?post_type=product&#038;p=12567"},"modified":"2026-04-30T20:16:05","modified_gmt":"2026-05-01T02:16:05","slug":"la-roche-posay-hyalu-b5-suractivated-serum-30-ml","status":"publish","type":"product","link":"https:\/\/dermakaasstore.com\/index.php\/product\/la-roche-posay-hyalu-b5-suractivated-serum-30-ml\/","title":{"rendered":"La Roche-Posay Hyalu B5 Suractivated S\u00e9rum, 30 ml."},"content":{"rendered":"","protected":false},"excerpt":{"rendered":"<p>S\u00e9rum intensivo\u00a0antiarrugas y reparador\u00a0con\u00a0\u00c1cido Hialur\u00f3nico Puro + Vitamina B5, que\u00a0repara la barrera cut\u00e1nea, rellena l\u00edneas de expresi\u00f3n y devuelve\u00a0volumen y elasticidad\u00a0a la piel. Ideal para pieles con\u00a0signos de fatiga, deshidrataci\u00f3n o p\u00e9rdida de firmeza.<\/p>\n<ul>\n<li>Aporta efecto lifting visible y piel m\u00e1s firme.<\/li>\n<li>Hidrata profundamente y mejora la luminosidad.<\/li>\n<li>Con \u00c1cido Hialur\u00f3nico de 4 pesos moleculares.<\/li>\n<\/ul>\n","protected":false},"featured_media":12572,"comment_status":"open","ping_status":"closed","template":"","meta":[],"product_brand":[],"product_cat":[15,368,340,344,356,317,338,364],"product_tag":[],"class_list":{"0":"post-12567","1":"product","2":"type-product","3":"status-publish","4":"has-post-thumbnail","6":"product_cat-uncategorized","7":"product_cat-anti-edad","8":"product_cat-arrugas","9":"product_cat-hidratacion","10":"product_cat-la-roche","11":"product_cat-marcas-dermatologicas","12":"product_cat-necesidades-de-la-piel","13":"product_cat-ofertas","15":"first","16":"instock","17":"sale","18":"shipping-taxable","19":"purchasable","20":"product-type-simple","21":"add-to-wishlist-after_add_to_cart"},"group_of_quantity":0,"min_quantity":0,"max_quantity":"","exclude_order_quantity_value_rules":"no","exclude_category_quantity_rules":"no","combine_variations":"no","_links":{"self":[{"href":"https:\/\/dermakaasstore.com\/index.php\/wp-json\/wp\/v2\/product\/12567","targetHints":{"allow":["GET"]}}],"collection":[{"href":"https:\/\/dermakaasstore.com\/index.php\/wp-json\/wp\/v2\/product"}],"about":[{"href":"https:\/\/dermakaasstore.com\/index.php\/wp-json\/wp\/v2\/types\/product"}],"replies":[{"embeddable":true,"href":"https:\/\/dermakaasstore.com\/index.php\/wp-json\/wp\/v2\/comments?post=12567"}],"wp:featuredmedia":[{"embeddable":true,"href":"https:\/\/dermakaasstore.com\/index.php\/wp-json\/wp\/v2\/media\/12572"}],"wp:attachment":[{"href":"https:\/\/dermakaasstore.com\/index.php\/wp-json\/wp\/v2\/media?parent=12567"}],"wp:term":[{"taxonomy":"product_brand","embeddable":true,"href":"https:\/\/dermakaasstore.com\/index.php\/wp-json\/wp\/v2\/product_brand?post=12567"},{"taxonomy":"product_cat","embeddable":true,"href":"https:\/\/dermakaasstore.com\/index.php\/wp-json\/wp\/v2\/product_cat?post=12567"},{"taxonomy":"product_tag","embeddable":true,"href":"https:\/\/dermakaasstore.com\/index.php\/wp-json\/wp\/v2\/product_tag?post=12567"}],"curies":[{"name":"wp","href":"https:\/\/api.w.org\/{rel}","templated":true}]}}