{"id":12537,"date":"2026-04-28T11:38:45","date_gmt":"2026-04-28T17:38:45","guid":{"rendered":"https:\/\/dermakaasstore.com\/?post_type=product&#038;p=12537"},"modified":"2026-04-28T13:56:49","modified_gmt":"2026-04-28T19:56:49","slug":"la-roche-posay-effaclar-a-z-gel-crema-40-ml","status":"publish","type":"product","link":"https:\/\/dermakaasstore.com\/index.php\/product\/la-roche-posay-effaclar-a-z-gel-crema-40-ml\/","title":{"rendered":"La Roche-Posay Effaclar A.Z Gel-Crema, 40 ml."},"content":{"rendered":"","protected":false},"excerpt":{"rendered":"<div class=\"product-details-sections\">\n<div class=\"product info detailed before product-details\">\n<div class=\"mage-tabs-disabled mage-accordion-disabled\" role=\"tablist\">\n<div id=\"description\" class=\"data item content\" role=\"tabpanel\" aria-labelledby=\"collapsible-label-description\" data-role=\"content\" aria-hidden=\"false\">\n<div class=\"product attribute description\">\n<div class=\"value\">Tratamiento diario para piel grasa con tendencia acneica y marcas. Su textura gel-crema, ligera y de r\u00e1pida absorci\u00f3n, deja un acabado mate sin sensaci\u00f3n grasa. Formulado con \u00e1cido salic\u00edlico, niacinamida y prebi\u00f3ticos, reduce imperfecciones, marcas post-acn\u00e9 y rojeces, mientras mejora la textura de la piel.<\/div>\n<ul>\n<li class=\"value\">Contiene agua termal de La Roche-Posay para calmar y proteger.<\/li>\n<li class=\"value\">No comedog\u00e9nico, apto para piel sensible.<\/li>\n<li class=\"value\">Uso recomendado: aplicar ma\u00f1ana y\/o noche sobre piel limpia, evitando el contorno de ojos.<\/li>\n<\/ul>\n<\/div>\n<\/div>\n<\/div>\n<\/div>\n<div class=\"clearfix\"><\/div>\n<\/div>\n","protected":false},"featured_media":12538,"comment_status":"open","ping_status":"closed","template":"","meta":[],"product_brand":[],"product_cat":[15,339,340,344,356,317,338,364,345,367],"product_tag":[],"class_list":{"0":"post-12537","1":"product","2":"type-product","3":"status-publish","4":"has-post-thumbnail","6":"product_cat-uncategorized","7":"product_cat-acne","8":"product_cat-arrugas","9":"product_cat-hidratacion","10":"product_cat-la-roche","11":"product_cat-marcas-dermatologicas","12":"product_cat-necesidades-de-la-piel","13":"product_cat-ofertas","14":"product_cat-piel-grasa","15":"product_cat-poros","17":"first","18":"instock","19":"sale","20":"shipping-taxable","21":"purchasable","22":"product-type-simple","23":"add-to-wishlist-after_add_to_cart"},"group_of_quantity":0,"min_quantity":0,"max_quantity":"","exclude_order_quantity_value_rules":"no","exclude_category_quantity_rules":"no","combine_variations":"no","_links":{"self":[{"href":"https:\/\/dermakaasstore.com\/index.php\/wp-json\/wp\/v2\/product\/12537","targetHints":{"allow":["GET"]}}],"collection":[{"href":"https:\/\/dermakaasstore.com\/index.php\/wp-json\/wp\/v2\/product"}],"about":[{"href":"https:\/\/dermakaasstore.com\/index.php\/wp-json\/wp\/v2\/types\/product"}],"replies":[{"embeddable":true,"href":"https:\/\/dermakaasstore.com\/index.php\/wp-json\/wp\/v2\/comments?post=12537"}],"wp:featuredmedia":[{"embeddable":true,"href":"https:\/\/dermakaasstore.com\/index.php\/wp-json\/wp\/v2\/media\/12538"}],"wp:attachment":[{"href":"https:\/\/dermakaasstore.com\/index.php\/wp-json\/wp\/v2\/media?parent=12537"}],"wp:term":[{"taxonomy":"product_brand","embeddable":true,"href":"https:\/\/dermakaasstore.com\/index.php\/wp-json\/wp\/v2\/product_brand?post=12537"},{"taxonomy":"product_cat","embeddable":true,"href":"https:\/\/dermakaasstore.com\/index.php\/wp-json\/wp\/v2\/product_cat?post=12537"},{"taxonomy":"product_tag","embeddable":true,"href":"https:\/\/dermakaasstore.com\/index.php\/wp-json\/wp\/v2\/product_tag?post=12537"}],"curies":[{"name":"wp","href":"https:\/\/api.w.org\/{rel}","templated":true}]}}