{"id":12526,"date":"2026-04-28T10:49:59","date_gmt":"2026-04-28T16:49:59","guid":{"rendered":"https:\/\/dermakaasstore.com\/?post_type=product&#038;p=12526"},"modified":"2026-04-28T10:49:59","modified_gmt":"2026-04-28T16:49:59","slug":"la-roche-posay-effaclar-mat-hidratante-facial-40-ml","status":"publish","type":"product","link":"https:\/\/dermakaasstore.com\/index.php\/product\/la-roche-posay-effaclar-mat-hidratante-facial-40-ml\/","title":{"rendered":"La Roche-Posay Effaclar Mat Hidratante facial, 40 ml."},"content":{"rendered":"","protected":false},"excerpt":{"rendered":"<div class=\"product-custom-description\">\n<div class=\"product-details-sections\">\n<div class=\"product info detailed before product-details\">\n<div class=\"mage-tabs-disabled mage-accordion-disabled\" role=\"tablist\">\n<div id=\"description\" class=\"data item content\" role=\"tabpanel\" aria-labelledby=\"collapsible-label-description\" data-role=\"content\" aria-hidden=\"false\">\n<div class=\"product attribute description\">\n<div class=\"value\">Crema hidratante facial que matifica, hidrata a profundidad, controla la oleosidad, combate el brillo y reduce el tama\u00f1o de los poros de la piel grasa con tendencia al acn\u00e9. Su f\u00f3rmula no grasa ni comedog\u00e9nica est\u00e1 probada bajo control dermatol\u00f3gico, apta incluso para pieles sensibles. Brinda una r\u00e1pida absorci\u00f3n, por lo que funciona excelente como base para el maquillaje.<\/div>\n<ul>\n<li>Efecto matificante de larga duraci\u00f3n.<\/li>\n<li>Reduce el exceso de sebo.<\/li>\n<li>Reduce el tama\u00f1o de los poros en pieles grasas con tendencia acn\u00e9ica.<\/li>\n<li>Proporciona una hidrataci\u00f3n duradera hasta por 8 horas.<\/li>\n<\/ul>\n<\/div>\n<\/div>\n<\/div>\n<\/div>\n<div class=\"clearfix\"><\/div>\n<div class=\"product info detailed\">\n<div class=\"mage-tabs-disabled mage-accordion-disabled\" role=\"tablist\"><\/div>\n<\/div>\n<\/div>\n<div class=\"product-details-images-wrapper\"><\/div>\n<\/div>\n<div class=\"pdp-availability-messages\">\n<div class=\"pdp_inventory_availability_disclaimer-container disclaimer-info\"><\/div>\n<\/div>\n","protected":false},"featured_media":12527,"comment_status":"open","ping_status":"closed","template":"","meta":[],"product_brand":[],"product_cat":[15,339,344,356,317,338,364,345,367],"product_tag":[],"class_list":{"0":"post-12526","1":"product","2":"type-product","3":"status-publish","4":"has-post-thumbnail","6":"product_cat-uncategorized","7":"product_cat-acne","8":"product_cat-hidratacion","9":"product_cat-la-roche","10":"product_cat-marcas-dermatologicas","11":"product_cat-necesidades-de-la-piel","12":"product_cat-ofertas","13":"product_cat-piel-grasa","14":"product_cat-poros","16":"first","17":"instock","18":"sale","19":"shipping-taxable","20":"purchasable","21":"product-type-simple","22":"add-to-wishlist-after_add_to_cart"},"group_of_quantity":0,"min_quantity":0,"max_quantity":"","exclude_order_quantity_value_rules":"no","exclude_category_quantity_rules":"no","combine_variations":"no","_links":{"self":[{"href":"https:\/\/dermakaasstore.com\/index.php\/wp-json\/wp\/v2\/product\/12526","targetHints":{"allow":["GET"]}}],"collection":[{"href":"https:\/\/dermakaasstore.com\/index.php\/wp-json\/wp\/v2\/product"}],"about":[{"href":"https:\/\/dermakaasstore.com\/index.php\/wp-json\/wp\/v2\/types\/product"}],"replies":[{"embeddable":true,"href":"https:\/\/dermakaasstore.com\/index.php\/wp-json\/wp\/v2\/comments?post=12526"}],"wp:featuredmedia":[{"embeddable":true,"href":"https:\/\/dermakaasstore.com\/index.php\/wp-json\/wp\/v2\/media\/12527"}],"wp:attachment":[{"href":"https:\/\/dermakaasstore.com\/index.php\/wp-json\/wp\/v2\/media?parent=12526"}],"wp:term":[{"taxonomy":"product_brand","embeddable":true,"href":"https:\/\/dermakaasstore.com\/index.php\/wp-json\/wp\/v2\/product_brand?post=12526"},{"taxonomy":"product_cat","embeddable":true,"href":"https:\/\/dermakaasstore.com\/index.php\/wp-json\/wp\/v2\/product_cat?post=12526"},{"taxonomy":"product_tag","embeddable":true,"href":"https:\/\/dermakaasstore.com\/index.php\/wp-json\/wp\/v2\/product_tag?post=12526"}],"curies":[{"name":"wp","href":"https:\/\/api.w.org\/{rel}","templated":true}]}}