{"id":12425,"date":"2026-04-21T18:19:26","date_gmt":"2026-04-22T00:19:26","guid":{"rendered":"https:\/\/dermakaasstore.com\/?post_type=product&#038;p=12425"},"modified":"2026-04-21T18:20:56","modified_gmt":"2026-04-22T00:20:56","slug":"avene-vitamin-activ-cg-30-ml","status":"publish","type":"product","link":"https:\/\/dermakaasstore.com\/index.php\/product\/avene-vitamin-activ-cg-30-ml\/","title":{"rendered":"Av\u00e8ne Vitamin Activ CG, 30 ml"},"content":{"rendered":"","protected":false},"excerpt":{"rendered":"<p>S\u00e9rum dermat\u00f3logico antioxidante que brinda un triple beneficio: antiarrugas, antimanchas y luminosidad. Piel m\u00e1s lisa y con tono m\u00e1s uniforme. Activos prinicipales: Vitamina Cg 1.8%, Niacinamida 3%, Bakuchiol 1.5% y Agua termal de Av\u00e8ne. Producto ultraconcentrado, con ingredientes activos complementarios para una acci\u00f3n antiedad global.<\/p>\n<ul>\n<li>Una textura que ha sido desarrollada para permitir una r\u00e1pida penetraci\u00f3n sin dejar una pel\u00edcula grasa o pegajosa (textura oil-free, 0% fase grasa)<\/li>\n<li>Absorci\u00f3n r\u00e1pida.<\/li>\n<li>Inmediatamente la piel queda suave, radiante y luminosa.<\/li>\n<\/ul>\n","protected":false},"featured_media":12426,"comment_status":"open","ping_status":"closed","template":"","meta":[],"product_brand":[],"product_cat":[15,340,320,341,317,338,364],"product_tag":[],"class_list":{"0":"post-12425","1":"product","2":"type-product","3":"status-publish","4":"has-post-thumbnail","6":"product_cat-uncategorized","7":"product_cat-arrugas","8":"product_cat-avene","9":"product_cat-manchas","10":"product_cat-marcas-dermatologicas","11":"product_cat-necesidades-de-la-piel","12":"product_cat-ofertas","14":"first","15":"instock","16":"sale","17":"shipping-taxable","18":"purchasable","19":"product-type-simple","20":"add-to-wishlist-after_add_to_cart"},"group_of_quantity":0,"min_quantity":0,"max_quantity":"","exclude_order_quantity_value_rules":"no","exclude_category_quantity_rules":"no","combine_variations":"no","_links":{"self":[{"href":"https:\/\/dermakaasstore.com\/index.php\/wp-json\/wp\/v2\/product\/12425","targetHints":{"allow":["GET"]}}],"collection":[{"href":"https:\/\/dermakaasstore.com\/index.php\/wp-json\/wp\/v2\/product"}],"about":[{"href":"https:\/\/dermakaasstore.com\/index.php\/wp-json\/wp\/v2\/types\/product"}],"replies":[{"embeddable":true,"href":"https:\/\/dermakaasstore.com\/index.php\/wp-json\/wp\/v2\/comments?post=12425"}],"wp:featuredmedia":[{"embeddable":true,"href":"https:\/\/dermakaasstore.com\/index.php\/wp-json\/wp\/v2\/media\/12426"}],"wp:attachment":[{"href":"https:\/\/dermakaasstore.com\/index.php\/wp-json\/wp\/v2\/media?parent=12425"}],"wp:term":[{"taxonomy":"product_brand","embeddable":true,"href":"https:\/\/dermakaasstore.com\/index.php\/wp-json\/wp\/v2\/product_brand?post=12425"},{"taxonomy":"product_cat","embeddable":true,"href":"https:\/\/dermakaasstore.com\/index.php\/wp-json\/wp\/v2\/product_cat?post=12425"},{"taxonomy":"product_tag","embeddable":true,"href":"https:\/\/dermakaasstore.com\/index.php\/wp-json\/wp\/v2\/product_tag?post=12425"}],"curies":[{"name":"wp","href":"https:\/\/api.w.org\/{rel}","templated":true}]}}