{"id":12293,"date":"2026-04-18T00:27:32","date_gmt":"2026-04-18T06:27:32","guid":{"rendered":"https:\/\/dermakaasstore.com\/?post_type=product&#038;p=12293"},"modified":"2026-04-18T00:28:21","modified_gmt":"2026-04-18T06:28:21","slug":"avene-cleanance-serum-exfoliante-aha-30-ml","status":"publish","type":"product","link":"https:\/\/dermakaasstore.com\/index.php\/product\/avene-cleanance-serum-exfoliante-aha-30-ml\/","title":{"rendered":"Av\u00e8ne Cleanance S\u00e9rum Exfoliante AHA, 30 ml."},"content":{"rendered":"","protected":false},"excerpt":{"rendered":"<p>S\u00e9rum exfoliante con \u00e1cidos naturales patentados 150% m\u00e1s efectivo que el \u00e1cido salic\u00edlico, para una textura refinada de la piel a partir de 10 d\u00edas. El exclusivo d\u00fao \u00e1cido de \u00e1cidos l\u00e1ctico y succ\u00ednico ayuda a reducir imperfecciones, poros y marcas. Formulado con \u00e1cido glut\u00e1mico proporciona una acci\u00f3n seborreguladora para reducir el exceso de sebo.<\/p>\n<ul>\n<li>Ayuda a reducir los brotes y marcas residuales causadas por el acn\u00e9.<\/li>\n<li>Ayuda a cerrar los poros y mejorar la textura de la piel.<\/li>\n<li>F\u00f3rmula enriquecida con Agua Termal de Av\u00e8ne para calmar, fortalecer y reequilibrar la piel.<\/li>\n<\/ul>\n","protected":false},"featured_media":12294,"comment_status":"open","ping_status":"closed","template":"","meta":[],"product_brand":[],"product_cat":[15,339,320,317,338,364,345],"product_tag":[],"class_list":{"0":"post-12293","1":"product","2":"type-product","3":"status-publish","4":"has-post-thumbnail","6":"product_cat-uncategorized","7":"product_cat-acne","8":"product_cat-avene","9":"product_cat-marcas-dermatologicas","10":"product_cat-necesidades-de-la-piel","11":"product_cat-ofertas","12":"product_cat-piel-grasa","14":"first","15":"instock","16":"sale","17":"shipping-taxable","18":"purchasable","19":"product-type-simple","20":"add-to-wishlist-after_add_to_cart"},"group_of_quantity":0,"min_quantity":0,"max_quantity":"","exclude_order_quantity_value_rules":"no","exclude_category_quantity_rules":"no","combine_variations":"no","_links":{"self":[{"href":"https:\/\/dermakaasstore.com\/index.php\/wp-json\/wp\/v2\/product\/12293","targetHints":{"allow":["GET"]}}],"collection":[{"href":"https:\/\/dermakaasstore.com\/index.php\/wp-json\/wp\/v2\/product"}],"about":[{"href":"https:\/\/dermakaasstore.com\/index.php\/wp-json\/wp\/v2\/types\/product"}],"replies":[{"embeddable":true,"href":"https:\/\/dermakaasstore.com\/index.php\/wp-json\/wp\/v2\/comments?post=12293"}],"wp:featuredmedia":[{"embeddable":true,"href":"https:\/\/dermakaasstore.com\/index.php\/wp-json\/wp\/v2\/media\/12294"}],"wp:attachment":[{"href":"https:\/\/dermakaasstore.com\/index.php\/wp-json\/wp\/v2\/media?parent=12293"}],"wp:term":[{"taxonomy":"product_brand","embeddable":true,"href":"https:\/\/dermakaasstore.com\/index.php\/wp-json\/wp\/v2\/product_brand?post=12293"},{"taxonomy":"product_cat","embeddable":true,"href":"https:\/\/dermakaasstore.com\/index.php\/wp-json\/wp\/v2\/product_cat?post=12293"},{"taxonomy":"product_tag","embeddable":true,"href":"https:\/\/dermakaasstore.com\/index.php\/wp-json\/wp\/v2\/product_tag?post=12293"}],"curies":[{"name":"wp","href":"https:\/\/api.w.org\/{rel}","templated":true}]}}