{"id":12279,"date":"2026-04-17T23:49:50","date_gmt":"2026-04-18T05:49:50","guid":{"rendered":"https:\/\/dermakaasstore.com\/?post_type=product&#038;p=12279"},"modified":"2026-04-17T23:49:50","modified_gmt":"2026-04-18T05:49:50","slug":"avene-protector-solar-despigmentante-fps50-tono-medio-40g","status":"publish","type":"product","link":"https:\/\/dermakaasstore.com\/index.php\/product\/avene-protector-solar-despigmentante-fps50-tono-medio-40g\/","title":{"rendered":"Av\u00e8ne Protector Solar Despigmentante FPS50 Tono Medio, 40g"},"content":{"rendered":"","protected":false},"excerpt":{"rendered":"<p>Av\u00e8ne Fluido Solar Despigmentante con Color FPS 50+ Tono Medio est\u00e1 formulado para brindar una protecci\u00f3n solar avanzada mientras ayuda a mejorar visiblemente la apariencia del tono desigual de la piel. Con tecnolog\u00eda Sunsitive Protection\u00ae, este protector combina filtros fotoestables con antioxidantes y agentes calmantes, ofreciendo una defensa completa frente a los rayos UVB, UVA y luz azul HEV.<\/p>\n<ul>\n<li>Reduce la apariencia de manchas oscuras y mejora el tono de la piel.<\/li>\n<li>TONO MEDIO con pigmentos naturales que proporciona una cobertura uniforme, adapt\u00e1ndose a diversos tonos de piel.<\/li>\n<li>Su textura ultra fluida, de r\u00e1pida absorci\u00f3n y acabado matificante, lo hace ideal para piel mixta a grasa.<\/li>\n<\/ul>\n","protected":false},"featured_media":12281,"comment_status":"open","ping_status":"closed","template":"","meta":[],"product_brand":[],"product_cat":[15,320,341,317,338,364,346],"product_tag":[],"class_list":{"0":"post-12279","1":"product","2":"type-product","3":"status-publish","4":"has-post-thumbnail","6":"product_cat-uncategorized","7":"product_cat-avene","8":"product_cat-manchas","9":"product_cat-marcas-dermatologicas","10":"product_cat-necesidades-de-la-piel","11":"product_cat-ofertas","12":"product_cat-proteccion-solar","14":"first","15":"instock","16":"sale","17":"shipping-taxable","18":"purchasable","19":"product-type-simple","20":"add-to-wishlist-after_add_to_cart"},"group_of_quantity":0,"min_quantity":0,"max_quantity":"","exclude_order_quantity_value_rules":"no","exclude_category_quantity_rules":"no","combine_variations":"no","_links":{"self":[{"href":"https:\/\/dermakaasstore.com\/index.php\/wp-json\/wp\/v2\/product\/12279","targetHints":{"allow":["GET"]}}],"collection":[{"href":"https:\/\/dermakaasstore.com\/index.php\/wp-json\/wp\/v2\/product"}],"about":[{"href":"https:\/\/dermakaasstore.com\/index.php\/wp-json\/wp\/v2\/types\/product"}],"replies":[{"embeddable":true,"href":"https:\/\/dermakaasstore.com\/index.php\/wp-json\/wp\/v2\/comments?post=12279"}],"wp:featuredmedia":[{"embeddable":true,"href":"https:\/\/dermakaasstore.com\/index.php\/wp-json\/wp\/v2\/media\/12281"}],"wp:attachment":[{"href":"https:\/\/dermakaasstore.com\/index.php\/wp-json\/wp\/v2\/media?parent=12279"}],"wp:term":[{"taxonomy":"product_brand","embeddable":true,"href":"https:\/\/dermakaasstore.com\/index.php\/wp-json\/wp\/v2\/product_brand?post=12279"},{"taxonomy":"product_cat","embeddable":true,"href":"https:\/\/dermakaasstore.com\/index.php\/wp-json\/wp\/v2\/product_cat?post=12279"},{"taxonomy":"product_tag","embeddable":true,"href":"https:\/\/dermakaasstore.com\/index.php\/wp-json\/wp\/v2\/product_tag?post=12279"}],"curies":[{"name":"wp","href":"https:\/\/api.w.org\/{rel}","templated":true}]}}