{"id":11900,"date":"2026-04-14T13:55:09","date_gmt":"2026-04-14T19:55:09","guid":{"rendered":"https:\/\/dermakaasstore.com\/?post_type=product&#038;p=11900"},"modified":"2026-04-17T12:53:10","modified_gmt":"2026-04-17T18:53:10","slug":"la-roche-posay-effaclar-serum-ultra-concentrado-antiimperfecciones-30ml","status":"publish","type":"product","link":"https:\/\/dermakaasstore.com\/index.php\/product\/la-roche-posay-effaclar-serum-ultra-concentrado-antiimperfecciones-30ml\/","title":{"rendered":"La Roche-Posay Effaclar S\u00e9rum Ultra Concentrado Antiimperfecciones 30ml."},"content":{"rendered":"","protected":false},"excerpt":{"rendered":"<p>El Suero Facial Anti Imperfecciones La Roche Posay Effaclar Serum Ultra Concentrado es un tratamiento concentrado que combina un Complejo tri\u00e1cido exfoliante (\u00c1cido glic\u00f3lico + \u00c1cido Salic\u00edlico + LHA) con Niacinamida, para tratar imperfecciones, marcas, poros visibles y puntos negros. Una f\u00f3rmula que purifica la piel, alisa la textura y reduce finas l\u00edneas. Su f\u00f3rmula ligera y no comedog\u00e9nica de f\u00e1cil absorci\u00f3n, brinda un equilibrio perfecto entre una acci\u00f3n peeling diaria, calmante y antiedad<\/p>\n","protected":false},"featured_media":11901,"comment_status":"open","ping_status":"closed","template":"","meta":[],"product_brand":[],"product_cat":[15,340,344,356,317,364,357],"product_tag":[],"class_list":{"0":"post-11900","1":"product","2":"type-product","3":"status-publish","4":"has-post-thumbnail","6":"product_cat-uncategorized","7":"product_cat-arrugas","8":"product_cat-hidratacion","9":"product_cat-la-roche","10":"product_cat-marcas-dermatologicas","11":"product_cat-ofertas","12":"product_cat-serum","14":"first","15":"instock","16":"sale","17":"shipping-taxable","18":"purchasable","19":"product-type-simple","20":"add-to-wishlist-after_add_to_cart"},"group_of_quantity":0,"min_quantity":0,"max_quantity":"","exclude_order_quantity_value_rules":"no","exclude_category_quantity_rules":"no","combine_variations":"no","_links":{"self":[{"href":"https:\/\/dermakaasstore.com\/index.php\/wp-json\/wp\/v2\/product\/11900","targetHints":{"allow":["GET"]}}],"collection":[{"href":"https:\/\/dermakaasstore.com\/index.php\/wp-json\/wp\/v2\/product"}],"about":[{"href":"https:\/\/dermakaasstore.com\/index.php\/wp-json\/wp\/v2\/types\/product"}],"replies":[{"embeddable":true,"href":"https:\/\/dermakaasstore.com\/index.php\/wp-json\/wp\/v2\/comments?post=11900"}],"wp:featuredmedia":[{"embeddable":true,"href":"https:\/\/dermakaasstore.com\/index.php\/wp-json\/wp\/v2\/media\/11901"}],"wp:attachment":[{"href":"https:\/\/dermakaasstore.com\/index.php\/wp-json\/wp\/v2\/media?parent=11900"}],"wp:term":[{"taxonomy":"product_brand","embeddable":true,"href":"https:\/\/dermakaasstore.com\/index.php\/wp-json\/wp\/v2\/product_brand?post=11900"},{"taxonomy":"product_cat","embeddable":true,"href":"https:\/\/dermakaasstore.com\/index.php\/wp-json\/wp\/v2\/product_cat?post=11900"},{"taxonomy":"product_tag","embeddable":true,"href":"https:\/\/dermakaasstore.com\/index.php\/wp-json\/wp\/v2\/product_tag?post=11900"}],"curies":[{"name":"wp","href":"https:\/\/api.w.org\/{rel}","templated":true}]}}