{"id":10762,"date":"2025-02-26T19:29:08","date_gmt":"2025-02-26T19:29:08","guid":{"rendered":"https:\/\/emperjalisco.com\/?page_id=10762"},"modified":"2025-03-24T12:51:24","modified_gmt":"2025-03-24T18:51:24","slug":"emper-3","status":"publish","type":"page","link":"https:\/\/dermakaasstore.com\/index.php\/emper-3\/","title":{"rendered":"Emper"},"content":{"rendered":"\t\t<div data-elementor-type=\"wp-page\" data-elementor-id=\"10762\" class=\"elementor elementor-10762\" data-elementor-post-type=\"page\">\n\t\t\t\t<div class=\"elementor-element elementor-element-1840718a e-flex e-con-boxed e-con e-parent\" data-id=\"1840718a\" data-element_type=\"container\">\n\t\t\t\t\t<div class=\"e-con-inner\">\n\t\t\t\t<div class=\"elementor-element elementor-element-5719ae5c elementor-widget elementor-widget-text-editor\" data-id=\"5719ae5c\" data-element_type=\"widget\" data-widget_type=\"text-editor.default\">\n\t\t\t\t<div class=\"elementor-widget-container\"><p><\/p><\/div>\n\t\t\t\t<\/div>\n\t\t\t\t\t<\/div>\n\t\t\t\t<\/div>\n\t\t<div class=\"elementor-element elementor-element-0001dca e-flex e-con-boxed e-con e-parent\" data-id=\"0001dca\" data-element_type=\"container\" data-settings=\"{&quot;background_background&quot;:&quot;slideshow&quot;,&quot;background_slideshow_gallery&quot;:[{&quot;id&quot;:10740,&quot;url&quot;:&quot;https:\\\/\\\/dermakaasstore.com\\\/wp-content\\\/uploads\\\/2025\\\/02\\\/emperjaliscoportada.png&quot;}],&quot;background_slideshow_loop&quot;:&quot;yes&quot;,&quot;background_slideshow_slide_duration&quot;:5000,&quot;background_slideshow_slide_transition&quot;:&quot;fade&quot;,&quot;background_slideshow_transition_duration&quot;:500}\">\n\t\t\t\t\t<div class=\"e-con-inner\">\n\t\t\t\t<div class=\"elementor-element elementor-element-4d87b42 elementor-widget elementor-widget-image\" data-id=\"4d87b42\" data-element_type=\"widget\" data-widget_type=\"image.default\">\n\t\t\t\t<div class=\"elementor-widget-container\">\n\t\t\t\t\t\t\t\t\t\t\t\t\t\t\t<img fetchpriority=\"high\" decoding=\"async\" width=\"1920\" height=\"499\" src=\"https:\/\/dermakaasstore.com\/wp-content\/uploads\/2025\/02\/emperjaliscoportada-1.png\" class=\"attachment-full size-full wp-image-10744 wvs-archive-product-image\" alt=\"\" srcset=\"https:\/\/dermakaasstore.com\/wp-content\/uploads\/2025\/02\/emperjaliscoportada-1.png 1920w, https:\/\/dermakaasstore.com\/wp-content\/uploads\/2025\/02\/emperjaliscoportada-1-300x78.png 300w, https:\/\/dermakaasstore.com\/wp-content\/uploads\/2025\/02\/emperjaliscoportada-1-1024x266.png 1024w, https:\/\/dermakaasstore.com\/wp-content\/uploads\/2025\/02\/emperjaliscoportada-1-768x200.png 768w, https:\/\/dermakaasstore.com\/wp-content\/uploads\/2025\/02\/emperjaliscoportada-1-1536x399.png 1536w, https:\/\/dermakaasstore.com\/wp-content\/uploads\/2025\/02\/emperjaliscoportada-1-700x182.png 700w, https:\/\/dermakaasstore.com\/wp-content\/uploads\/2025\/02\/emperjaliscoportada-1-1300x338.png 1300w\" sizes=\"(max-width: 1920px) 100vw, 1920px\" \/>\t\t\t\t\t\t\t\t\t\t\t\t\t\t\t<\/div>\n\t\t\t\t<\/div>\n\t\t\t\t\t<\/div>\n\t\t\t\t<\/div>\n\t\t<div class=\"elementor-element elementor-element-7e44276 e-flex e-con-boxed e-con e-parent\" data-id=\"7e44276\" data-element_type=\"container\">\n\t\t\t\t\t<div class=\"e-con-inner\">\n\t\t\t\t\t<\/div>\n\t\t\t\t<\/div>\n\t\t<div class=\"elementor-element elementor-element-7b58ae8 e-flex e-con-boxed e-con e-parent\" data-id=\"7b58ae8\" data-element_type=\"container\">\n\t\t\t\t\t<div class=\"e-con-inner\">\n\t\t<div class=\"elementor-element elementor-element-4113d58 e-con-full e-flex e-con e-child\" data-id=\"4113d58\" data-element_type=\"container\">\n\t\t\t\t<\/div>\n\t\t<div class=\"elementor-element elementor-element-278d4e2 e-con-full e-flex e-con e-child\" data-id=\"278d4e2\" data-element_type=\"container\">\n\t\t<div class=\"elementor-element elementor-element-1bdb01e e-con-full e-flex e-con e-child\" data-id=\"1bdb01e\" data-element_type=\"container\">\n\t\t<div class=\"elementor-element elementor-element-9c3cbf4 e-con-full e-flex e-con e-child\" data-id=\"9c3cbf4\" data-element_type=\"container\">\n\t\t<div class=\"elementor-element elementor-element-02ecf30 e-con-full e-flex e-con e-child\" data-id=\"02ecf30\" data-element_type=\"container\">\n\t\t\t\t<div class=\"elementor-element elementor-element-1aaef50 elementor-widget elementor-widget-ts-product-categories\" data-id=\"1aaef50\" data-element_type=\"widget\" data-widget_type=\"ts-product-categories.default\">\n\t\t\t\t<div class=\"elementor-widget-container\">\n\t\t\t\t\t\t\t\t<div class=\"ts-elementor-lazy-load type-product-category\">\n\t\t\t\t\t\t\t\n\t\t\t\t<div class=\"placeholder-items columns-6 style-default\" style=\"--lazy-cols: 6\">\n\t\t\t\t\t\t\t\t\t<div class=\"placeholder-item\">\n\t\t\t\t\t\t<div class=\"placeholder-thumb\"><\/div>\n\t\t\t\t\t\t\t\t\t\t\t\t\t<div class=\"placeholder-title\"><\/div>\n\t\t\t\t\t\t\t\t\t\t\t\t\t\t\t\t\t\t<\/div>\n\t\t\t\t\t\t\t\t\t<div class=\"placeholder-item\">\n\t\t\t\t\t\t<div class=\"placeholder-thumb\"><\/div>\n\t\t\t\t\t\t\t\t\t\t\t\t\t<div class=\"placeholder-title\"><\/div>\n\t\t\t\t\t\t\t\t\t\t\t\t\t\t\t\t\t\t<\/div>\n\t\t\t\t\t\t\t\t\t<div class=\"placeholder-item\">\n\t\t\t\t\t\t<div class=\"placeholder-thumb\"><\/div>\n\t\t\t\t\t\t\t\t\t\t\t\t\t<div class=\"placeholder-title\"><\/div>\n\t\t\t\t\t\t\t\t\t\t\t\t\t\t\t\t\t\t<\/div>\n\t\t\t\t\t\t\t\t\t<div class=\"placeholder-item\">\n\t\t\t\t\t\t<div class=\"placeholder-thumb\"><\/div>\n\t\t\t\t\t\t\t\t\t\t\t\t\t<div class=\"placeholder-title\"><\/div>\n\t\t\t\t\t\t\t\t\t\t\t\t\t\t\t\t\t\t<\/div>\n\t\t\t\t\t\t\t\t\t<div class=\"placeholder-item\">\n\t\t\t\t\t\t<div class=\"placeholder-thumb\"><\/div>\n\t\t\t\t\t\t\t\t\t\t\t\t\t<div class=\"placeholder-title\"><\/div>\n\t\t\t\t\t\t\t\t\t\t\t\t\t\t\t\t\t\t<\/div>\n\t\t\t\t\t\t\t\t\t<div class=\"placeholder-item\">\n\t\t\t\t\t\t<div class=\"placeholder-thumb\"><\/div>\n\t\t\t\t\t\t\t\t\t\t\t\t\t<div class=\"placeholder-title\"><\/div>\n\t\t\t\t\t\t\t\t\t\t\t\t\t\t\t\t\t\t<\/div>\n\t\t\t\t\t\t\t\t<\/div>\n\t\t\t<\/div>\n\t\t\t\t\t\t\t<\/div>\n\t\t\t\t<\/div>\n\t\t\t\t<\/div>\n\t\t\t\t<\/div>\n\t\t\t\t<\/div>\n\t\t\t\t<\/div>\n\t\t\t\t\t<\/div>\n\t\t\t\t<\/div>\t\t<\/div>\n\t\t","protected":false},"excerpt":{"rendered":"<p>-14% Lista de deseos CompararVista r\u00e1pidaA\u00f1adir al carrito Arabia The Beauty Perfume 100 Ml &#36;890.00 El precio original era: &#036;890.00.&#36;762.00El precio actual es: &#036;762.00. A\u00f1adir al carritoCompararVista r\u00e1pida Lista de deseos -16% Lista de deseos CompararVista r\u00e1pidaA\u00f1adir al carrito Rock Street Metropolis Edp 100 ml &#36;890.00 El precio original era: &#036;890.00.&#36;746.00El precio actual es: &#036;746.00. [&hellip;]<\/p>\n","protected":false},"author":1,"featured_media":0,"parent":0,"menu_order":0,"comment_status":"closed","ping_status":"closed","template":"","meta":{"footnotes":""},"class_list":["post-10762","page","type-page","status-publish","hentry"],"_links":{"self":[{"href":"https:\/\/dermakaasstore.com\/index.php\/wp-json\/wp\/v2\/pages\/10762","targetHints":{"allow":["GET"]}}],"collection":[{"href":"https:\/\/dermakaasstore.com\/index.php\/wp-json\/wp\/v2\/pages"}],"about":[{"href":"https:\/\/dermakaasstore.com\/index.php\/wp-json\/wp\/v2\/types\/page"}],"author":[{"embeddable":true,"href":"https:\/\/dermakaasstore.com\/index.php\/wp-json\/wp\/v2\/users\/1"}],"replies":[{"embeddable":true,"href":"https:\/\/dermakaasstore.com\/index.php\/wp-json\/wp\/v2\/comments?post=10762"}],"version-history":[{"count":10,"href":"https:\/\/dermakaasstore.com\/index.php\/wp-json\/wp\/v2\/pages\/10762\/revisions"}],"predecessor-version":[{"id":11460,"href":"https:\/\/dermakaasstore.com\/index.php\/wp-json\/wp\/v2\/pages\/10762\/revisions\/11460"}],"wp:attachment":[{"href":"https:\/\/dermakaasstore.com\/index.php\/wp-json\/wp\/v2\/media?parent=10762"}],"curies":[{"name":"wp","href":"https:\/\/api.w.org\/{rel}","templated":true}]}}